{"id":111,"date":"2020-10-01T21:09:52","date_gmt":"2020-10-01T21:09:52","guid":{"rendered":"https:\/\/puntamita.com\/webapp\/?page_id=111"},"modified":"2024-03-26T23:43:41","modified_gmt":"2024-03-26T23:43:41","slug":"tennis-es","status":"publish","type":"page","link":"https:\/\/puntamita.com\/webapp\/tennis-es\/","title":{"rendered":"Tennis es"},"content":{"rendered":"<p><div class=\"fusion-fullwidth fullwidth-box fusion-builder-row-1 fusion-flex-container nonhundred-percent-fullwidth non-hundred-percent-height-scrolling fusion-no-medium-visibility fusion-no-large-visibility\" style=\"background-color: #004c45;background-position: center center;background-repeat: no-repeat;border-width: 0px 0px 0px 0px;border-color:#e2e2e2;border-style:solid;\" ><div class=\"fusion-builder-row fusion-row fusion-flex-align-items-flex-start\" style=\"max-width:1248px;margin-left: calc(-4% \/ 2 );margin-right: calc(-4% \/ 2 );\"><div class=\"fusion-layout-column fusion_builder_column fusion-builder-column-0 fusion_builder_column_1_1 1_1 fusion-flex-column\"><div class=\"fusion-column-wrapper fusion-flex-justify-content-flex-start fusion-content-layout-column\" style=\"background-position:left top;background-repeat:no-repeat;-webkit-background-size:cover;-moz-background-size:cover;-o-background-size:cover;background-size:cover;padding: 0px 0px 0px 0px;\"><table width=100%\" \"height=20px\" border=\"0\">\n  <tbody>\n\t<tr style:\"height=20px\">\n\t  <td align=\"left\" v-align=\"center\"><a href=\"https:\/\/puntamita.com\/webapp\/punta-mita-es\/\"><img class=\"alignnone size-full wp-image-402\" src=\"https:\/\/puntamita.com\/webapp\/wp-content\/uploads\/2020\/10\/logo_puntamita_05.png\" alt=\"\" width=\"160\" height=\"39\" \/><\/a><\/td>\n\t  <td align=\"left\" v-align=\"center\"><style=\"text-align: left;\"><a class=\"fb-icon-element-1 fb-icon-element fontawesome-icon fa-angle-left fas circle-no fusion-text-flow fusion-link icon-hover-animation-slide\" style=\"font-size:16px;margin-right:8px;\" href=\"https:\/\/puntamita.com\/webapp\/punta-mita-es\/\" aria-label=\"Link to https:\/\/puntamita.com\/webapp\/punta-mita-es\/\" target=\"_self\"><\/a><style>a.fb-icon-element.fontawesome-icon.fb-icon-element-1{ color: #ffffff;}a.fb-icon-element.fontawesome-icon.fb-icon-element-1:hover { color: #ffffff;}<\/style> <a href=\"https:\/\/puntamita.com\/webapp\/punta-mita-es\/\"><span style:\"color:#FFFFFF\"><strong>BACK<\/strong><\/span><\/a><\/td>\n\t<\/tr>\n  <\/tbody>\n<\/table>\n<\/div><\/div><style type=\"text\/css\">.fusion-body .fusion-builder-column-0{width:100% !important;margin-top : 0%;margin-bottom : 0%;}.fusion-builder-column-0 > .fusion-column-wrapper {padding-top : 0px !important;padding-right : 0px !important;margin-right : 1.92%;padding-bottom : 0px !important;padding-left : 0px !important;margin-left : 1.92%;}@media only screen and (max-width:1024px) {.fusion-body .fusion-builder-column-0{width:100% !important;}.fusion-builder-column-0 > .fusion-column-wrapper {margin-right : 1.92%;margin-left : 1.92%;}}@media only screen and (max-width:640px) {.fusion-body .fusion-builder-column-0{width:100% !important;}.fusion-builder-column-0 > .fusion-column-wrapper {margin-right : 1.92%;margin-left : 1.92%;}}<\/style><\/div><style type=\"text\/css\">.fusion-fullwidth.fusion-builder-row-1 a:not(.fusion-button):not(.fusion-builder-module-control):not(.fusion-social-network-icon):not(.fb-icon-element):not(.fusion-countdown-link):not(.fusion-rollover-link):not(.fusion-rollover-gallery):not(.fusion-button-bar):not(.add_to_cart_button):not(.show_details_button):not(.product_type_external):not(.fusion-view-cart):not(.fusion-quick-view):not(.fusion-rollover-title-link):not(.fusion-breadcrumb-link) , .fusion-fullwidth.fusion-builder-row-1 a:not(.fusion-button):not(.fusion-builder-module-control):not(.fusion-social-network-icon):not(.fb-icon-element):not(.fusion-countdown-link):not(.fusion-rollover-link):not(.fusion-rollover-gallery):not(.fusion-button-bar):not(.add_to_cart_button):not(.show_details_button):not(.product_type_external):not(.fusion-view-cart):not(.fusion-quick-view):not(.fusion-rollover-title-link):not(.fusion-breadcrumb-link):before, .fusion-fullwidth.fusion-builder-row-1 a:not(.fusion-button):not(.fusion-builder-module-control):not(.fusion-social-network-icon):not(.fb-icon-element):not(.fusion-countdown-link):not(.fusion-rollover-link):not(.fusion-rollover-gallery):not(.fusion-button-bar):not(.add_to_cart_button):not(.show_details_button):not(.product_type_external):not(.fusion-view-cart):not(.fusion-quick-view):not(.fusion-rollover-title-link):not(.fusion-breadcrumb-link):after {color: #ffffff;}.fusion-fullwidth.fusion-builder-row-1 a:not(.fusion-button):not(.fusion-builder-module-control):not(.fusion-social-network-icon):not(.fb-icon-element):not(.fusion-countdown-link):not(.fusion-rollover-link):not(.fusion-rollover-gallery):not(.fusion-button-bar):not(.add_to_cart_button):not(.show_details_button):not(.product_type_external):not(.fusion-view-cart):not(.fusion-quick-view):not(.fusion-rollover-title-link):not(.fusion-breadcrumb-link):hover, .fusion-fullwidth.fusion-builder-row-1 a:not(.fusion-button):not(.fusion-builder-module-control):not(.fusion-social-network-icon):not(.fb-icon-element):not(.fusion-countdown-link):not(.fusion-rollover-link):not(.fusion-rollover-gallery):not(.fusion-button-bar):not(.add_to_cart_button):not(.show_details_button):not(.product_type_external):not(.fusion-view-cart):not(.fusion-quick-view):not(.fusion-rollover-title-link):not(.fusion-breadcrumb-link):hover:before, .fusion-fullwidth.fusion-builder-row-1 a:not(.fusion-button):not(.fusion-builder-module-control):not(.fusion-social-network-icon):not(.fb-icon-element):not(.fusion-countdown-link):not(.fusion-rollover-link):not(.fusion-rollover-gallery):not(.fusion-button-bar):not(.add_to_cart_button):not(.show_details_button):not(.product_type_external):not(.fusion-view-cart):not(.fusion-quick-view):not(.fusion-rollover-title-link):not(.fusion-breadcrumb-link):hover:after {color: #ffffff;}.fusion-fullwidth.fusion-builder-row-1 .pagination a.inactive:hover, .fusion-fullwidth.fusion-builder-row-1 .fusion-filters .fusion-filter.fusion-active a {border-color: #ffffff;}.fusion-fullwidth.fusion-builder-row-1 .pagination .current {border-color: #ffffff; background-color: #ffffff;}.fusion-fullwidth.fusion-builder-row-1 .fusion-filters .fusion-filter.fusion-active a, .fusion-fullwidth.fusion-builder-row-1 .fusion-date-and-formats .fusion-format-box, .fusion-fullwidth.fusion-builder-row-1 .fusion-popover, .fusion-fullwidth.fusion-builder-row-1 .tooltip-shortcode {color: #ffffff;}#wrapper .fusion-fullwidth.fusion-builder-row-1 .fusion-widget-area .fusion-vertical-menu-widget .menu li.current_page_ancestor > a, #wrapper .fusion-fullwidth.fusion-builder-row-1 .fusion-widget-area .fusion-vertical-menu-widget .menu li.current_page_ancestor > a:before, #wrapper .fusion-fullwidth.fusion-builder-row-1 .fusion-widget-area .fusion-vertical-menu-widget .current-menu-item > a, #wrapper .fusion-fullwidth.fusion-builder-row-1 .fusion-widget-area .fusion-vertical-menu-widget .current-menu-item > a:before, #wrapper .fusion-fullwidth.fusion-builder-row-1 .fusion-widget-area .fusion-vertical-menu-widget .current_page_item > a, #wrapper .fusion-fullwidth.fusion-builder-row-1 .fusion-widget-area .fusion-vertical-menu-widget .current_page_item > a:before {color: #ffffff;}#wrapper .fusion-fullwidth.fusion-builder-row-1 .fusion-widget-area .widget_nav_menu .menu li.current_page_ancestor > a, #wrapper .fusion-fullwidth.fusion-builder-row-1 .fusion-widget-area .widget_nav_menu .menu li.current_page_ancestor > a:before, #wrapper .fusion-fullwidth.fusion-builder-row-1 .fusion-widget-area .widget_nav_menu .current-menu-item > a, #wrapper .fusion-fullwidth.fusion-builder-row-1 .fusion-widget-area .widget_nav_menu .current-menu-item > a:before, #wrapper .fusion-fullwidth.fusion-builder-row-1 .fusion-widget-area .widget_nav_menu .current_page_item > a, #wrapper .fusion-fullwidth.fusion-builder-row-1 .fusion-widget-area .widget_nav_menu .current_page_item > a:before {color: #ffffff;}#wrapper .fusion-fullwidth.fusion-builder-row-1 .fusion-vertical-menu-widget .menu li.current_page_item > a { border-right-color:#ffffff;border-left-color:#ffffff;}#wrapper .fusion-fullwidth.fusion-builder-row-1 .fusion-widget-area .tagcloud a:hover { color: #fff; background-color: #ffffff;border-color: #ffffff;}#main .fusion-fullwidth.fusion-builder-row-1 .post .blog-shortcode-post-title a:hover {color: #ffffff;}.fusion-body .fusion-flex-container.fusion-builder-row-1{ padding-top : 0px;margin-top : 0%;padding-right : 0px;padding-bottom : 0px;margin-bottom : 0%;padding-left : 0px;}<\/style><\/div><div class=\"fusion-fullwidth fullwidth-box fusion-builder-row-2 fusion-flex-container nonhundred-percent-fullwidth non-hundred-percent-height-scrolling fusion-no-medium-visibility fusion-no-large-visibility\" style=\"background-color: rgba(255,255,255,0);background-position: center center;background-repeat: no-repeat;border-width: 0px 0px 0px 0px;border-color:#e2e2e2;border-style:solid;\" ><div class=\"fusion-builder-row fusion-row fusion-flex-align-items-flex-start\" style=\"max-width:1248px;margin-left: calc(-4% \/ 2 );margin-right: calc(-4% \/ 2 );\"><div class=\"fusion-layout-column fusion_builder_column fusion-builder-column-1 fusion_builder_column_1_1 1_1 fusion-flex-column\"><div class=\"fusion-column-wrapper fusion-flex-justify-content-flex-start fusion-content-layout-column\" style=\"background-position:left top;background-repeat:no-repeat;-webkit-background-size:cover;-moz-background-size:cover;-o-background-size:cover;background-size:cover;padding: 20px 0px 0px 0px;\"><style type=\"text\/css\">@media only screen and (max-width:1024px) {.fusion-title.fusion-title-1{margin-top:10px!important;margin-bottom:15px!important;}}@media only screen and (max-width:640px) {.fusion-title.fusion-title-1{margin-top:10px!important;margin-bottom:10px!important;}}<\/style><div class=\"fusion-title title fusion-title-1 fusion-title-text fusion-title-size-four\" style=\"margin-top:10px;margin-bottom:15px;\"><div class=\"title-sep-container title-sep-container-left fusion-no-large-visibility fusion-no-medium-visibility fusion-no-small-visibility\"><div class=\"title-sep sep-double sep-solid\" style=\"border-color:#ffffff;\"><\/div><\/div><h4 class=\"title-heading-left\" style=\"margin:0;color:#004c45;\">Racquet Club &amp; Fitness Center<\/h4><div class=\"title-sep-container title-sep-container-right\"><div class=\"title-sep sep-double sep-solid\" style=\"border-color:#ffffff;\"><\/div><\/div><\/div><div ><span class=\" fusion-imageframe imageframe-none imageframe-1 hover-type-none\"><img width=\"1169\" image_height=\"509\" image_id=\"59\" title=\"tennis\" src=\"https:\/\/puntamita.com\/webapp\/wp-content\/uploads\/2020\/10\/tennis.jpg\" class=\"img-responsive wp-image-59\" srcset=\"https:\/\/puntamita.com\/webapp\/wp-content\/uploads\/2020\/10\/tennis-200x87.jpg 200w, https:\/\/puntamita.com\/webapp\/wp-content\/uploads\/2020\/10\/tennis-400x174.jpg 400w, https:\/\/puntamita.com\/webapp\/wp-content\/uploads\/2020\/10\/tennis-600x261.jpg 600w, https:\/\/puntamita.com\/webapp\/wp-content\/uploads\/2020\/10\/tennis-800x348.jpg 800w, https:\/\/puntamita.com\/webapp\/wp-content\/uploads\/2020\/10\/tennis.jpg 1169w\" sizes=\"(max-width: 640px) 100vw, 1169px\" \/><\/span><\/div><style type=\"text\/css\">.fusion-accordian  #accordion-111-1 .panel-title a .fa-fusion-box{ color: #ffffff;}.fusion-accordian  #accordion-111-1 .panel-title a .fa-fusion-box:before{ font-size: 16px; width: 16px;}.fusion-accordian  #accordion-111-1 .fa-fusion-box { background-color: #004c45;border-color: #004c45;}.fusion-accordian  #accordion-111-1 .panel-title a:hover, #accordion-111-1 .fusion-toggle-boxed-mode:hover .panel-title a { color: #007c3e;}.fusion-accordian  #accordion-111-1 .panel-title .active .fa-fusion-box,.fusion-accordian  #accordion-111-1 .panel-title a:hover .fa-fusion-box { background-color: #007c3e!important;border-color: #007c3e!important;}<\/style><div class=\"accordian fusion-accordian\"><div class=\"panel-group\" id=\"accordion-111-1\" role=\"tablist\"><div class=\"fusion-panel panel-default\" role=\"tabpanel\"><div class=\"panel-heading\"><h4 class=\"panel-title toggle\"><a aria-expanded=\"false\" aria-selected=\"false\" aria-controls=\"65f7fb49bd537e2b9\" role=\"tab\" data-toggle=\"collapse\" data-parent=\"#accordion-111-1\" data-target=\"#65f7fb49bd537e2b9\" href=\"#65f7fb49bd537e2b9\"><span class=\"fusion-toggle-icon-wrapper\" aria-hidden=\"true\"><i class=\"fa-fusion-box\" aria-hidden=\"true\"><\/i><\/span><span class=\"fusion-toggle-heading\">HORARIO<\/span><\/a><\/h4><\/div><div id=\"65f7fb49bd537e2b9\" class=\"panel-collapse collapse \"><div class=\"panel-body toggle-content fusion-clearfix\">\n<p><span lang=\"EN-US\"><span style=\"color: #004c45;\"><strong>RACQUET CLUB &amp; TENNIS CENTER<\/strong><\/span><u><\/u><u><\/u><\/span><\/p>\n<ul>\n<li><span lang=\"EN-US\">Lunes a domingo <u><\/u><\/span><span lang=\"EN-US\">7:00 am \u2013 7:00 pm<u><\/u><u><\/u><\/span><\/li>\n<\/ul>\n<p><span lang=\"EN-US\"><span style=\"color: #004c45;\"><strong>GIMNASIO<\/strong><\/span><u><\/u><\/span><\/p>\n<ul>\n<li>\n<p class=\"m_3293002734167431995xmsonormal\"><span lang=\"EN-US\">Lunes a domingo 7:00 am &#8211; 7:00 pm\u00a0\u00a0<\/span><\/p>\n<\/li>\n<li>\n<p class=\"m_3293002734167431995xmsonormal\"><u><\/u>Lunes a domingo <span class=\"m_3293002734167431995xcontentpasted0\">7:00 am &#8211; 12:00 pm<br \/>\n<\/span><em><span lang=\"EN-US\">Exclusivo para Miembros Punta Mita<\/span><\/em><\/p>\n<\/li>\n<li><span lang=\"EN-US\">Lunes a domingo <span class=\"m_3293002734167431995xcontentpasted1\">12:00 pm a 7:00 pm<br \/>\n<em>Acceso para inquilinos, familiares extendidos, miembros invitados y miembros.<\/em><br \/>\n<em>* Se requiere reservaci\u00f3n, servicio disponible solo para miembros de Punta Mita<\/em><br \/>\n<\/span><\/span><\/li>\n<\/ul>\n<\/div><\/div><\/div><div class=\"fusion-panel panel-default\" role=\"tabpanel\"><div class=\"panel-heading\"><h4 class=\"panel-title toggle\"><a aria-expanded=\"false\" aria-selected=\"false\" aria-controls=\"f3152606755c4be19\" role=\"tab\" data-toggle=\"collapse\" data-parent=\"#accordion-111-1\" data-target=\"#f3152606755c4be19\" href=\"#f3152606755c4be19\"><span class=\"fusion-toggle-icon-wrapper\" aria-hidden=\"true\"><i class=\"fa-fusion-box\" aria-hidden=\"true\"><\/i><\/span><span class=\"fusion-toggle-heading\">TARIFAS<\/span><\/a><\/h4><\/div><div id=\"f3152606755c4be19\" class=\"panel-collapse collapse \"><div class=\"panel-body toggle-content fusion-clearfix\">\n<p><span style=\"color: #004c45;\"><strong>COURT FREE<\/strong><\/span><\/p>\n<p>Court Fee\u20131 hour: $35 USD<br \/>\nPadel court fee-1 hour: $35 USD<br \/>\nPickleball Court Fee-1 hour: $18 USD<br \/>\nDemo Racquet: $10 USD<br \/>\nPadel Racquet: $10 USD<br \/>\nPickleball Racquet: $10 USD<br \/>\nShoe Rental: $6 USD<\/p>\n<p><em>*Use of balls are complimentary<\/em><\/p>\n<p><span style=\"color: #004c45;\"><b>LESSONS<\/b><\/span><\/p>\n<p><strong>Private \u00bd hour:<\/strong> Tennis Director $65 USD per class \/\u00a0Assistant Pros $60 USD per class<\/p>\n<p><strong>Private 1 hour:<\/strong> Tennis Director $110 USD per class \/\u00a0Assistant Pros $100 USD per class<\/p>\n<p><strong>Semiprivate *2pax* \u00bd hour:<\/strong> Tennis Director $70 USD per class \/ Assistant Pros $65 USD per class<\/p>\n<p><strong>Semiprivate *2pax* 1 hour:<\/strong> Tennis Director $130 USD per class \/ Assistant Pros $120 USD per class<\/p>\n<p><strong>Extra person:<\/strong> Tennis Director $25 USD per class \/ Assistant Pros $20 USD per class<\/p>\n<p><span style=\"color: #004c45;\"><strong>BALL MACHINE<\/strong><\/span><\/p>\n<p><strong>\u00bd hour:<\/strong> $ 25 USD<\/p>\n<p><strong>1 hour:<\/strong> $35 USD<\/p>\n<\/div><\/div><\/div><div class=\"fusion-panel panel-default\" role=\"tabpanel\"><div class=\"panel-heading\"><h4 class=\"panel-title toggle\"><a aria-expanded=\"false\" aria-selected=\"false\" aria-controls=\"785e876052b5ae73a\" role=\"tab\" data-toggle=\"collapse\" data-parent=\"#accordion-111-1\" data-target=\"#785e876052b5ae73a\" href=\"#785e876052b5ae73a\"><span class=\"fusion-toggle-icon-wrapper\" aria-hidden=\"true\"><i class=\"fa-fusion-box\" aria-hidden=\"true\"><\/i><\/span><span class=\"fusion-toggle-heading\">CL\u00cdNICAS<\/span><\/a><\/h4><\/div><div id=\"785e876052b5ae73a\" class=\"panel-collapse collapse \"><div class=\"panel-body toggle-content fusion-clearfix\">\n<ul>\n<li><span style=\"color: #004c45;\"><strong>ADULTOS<br \/>\n<\/strong><\/span><em>$40.00 USD<br \/>\n<\/em>Lunes a las 10:00 a.m. *todos los niveles*<\/li>\n<li><span style=\"color: #004c45;\"><strong>CL\u00cdNICA &#8220;VAMOS A JUGAR&#8221;<\/strong><\/span><br \/>\n<em>$25.00 USD<br \/>\n<\/em>Una hora y media de singles, dobles, jugando puntos o haciendo ejercicios.<br \/>\nSe decidir\u00e1 dependiendo de qui\u00e9n est\u00e9 presente.<br \/>\nLunes de 04:00 a 05:30 p.m.<\/li>\n<li><span style=\"color: #004c45;\"><strong>ESTRAGIAS PARA DOBLES<br \/>\n<\/strong><\/span><em>$40.00 USD<br \/>\n<\/em>Descubre tu rol en la cancha de dobles.<br \/>\nAprende formaciones, posiciones, estrategia y \u00e1ngulos para hacer los puntos m\u00e1s divertidos.Martes a las 10:00 a.m.<\/li>\n<li><span style=\"color: #004c45;\"><strong>CARDIO TENIS<br \/>\n<\/strong><\/span><em>$40.00 USD<br \/>\n<\/em>Combinaci\u00f3n de cardio vascular, plyometrics (saltos) y diversi\u00f3n. Mi\u00e9rcoles a las 10:00 a.m.<\/li>\n<li><strong><span style=\"color: #004c45;\">SERVICIO Y PARTIDO<\/span><\/strong><br \/>\n<em>$40.00 USD<br \/>\n<\/em>Mejora el tiro m\u00e1s importante del Tenis y pract\u00edcalo jugando juntos.<br \/>\nJueves a las 10:00 a.m.<\/li>\n<li><strong>ENTRENAMIENTO DE TIROS DE FONDO<br \/>\n<\/strong><em>\u00a0$40.00 USD<br \/>\n<\/em>Lleva tu derecha y rev\u00e9s al siguiente nivel con los consejos de un experto y ponlos en pr\u00e1ctica.<br \/>\nViernes a las 10:00 a.m.<\/li>\n<li><strong>CL\u00cdNICA PARA JUNIORS<\/strong><br \/>\n<em>$40.00 USD<br \/>\n<\/em>Martes a las 4:00 p.m. *Edades de 8 a 12*<\/li>\n<li><strong>PAQUE\u00d1OS CAMPEONES<\/strong><br \/>\n<em>$25.00 USD<br \/>\n<\/em>Martes de 3:30 a 4:00 p.m. *Edades de 4 a 7*<\/li>\n<\/ul>\n<p><em>**Se suspenden las cl\u00ednicas del 15 de diciembre al 5 de enero, y del 14 de marzo al 31 del mismo mes.<\/em><\/p>\n<\/div><\/div><\/div><div class=\"fusion-panel panel-default\" role=\"tabpanel\"><div class=\"panel-heading\"><h4 class=\"panel-title toggle\"><a aria-expanded=\"false\" aria-selected=\"false\" aria-controls=\"ccbe69872679893aa\" role=\"tab\" data-toggle=\"collapse\" data-parent=\"#accordion-111-1\" data-target=\"#ccbe69872679893aa\" href=\"#ccbe69872679893aa\"><span class=\"fusion-toggle-icon-wrapper\" aria-hidden=\"true\"><i class=\"fa-fusion-box\" aria-hidden=\"true\"><\/i><\/span><span class=\"fusion-toggle-heading\">CONTACTO<\/span><\/a><\/h4><\/div><div id=\"ccbe69872679893aa\" class=\"panel-collapse collapse \"><div class=\"panel-body toggle-content fusion-clearfix\">\n<ul>\n<li><strong>Proshop<\/strong><br \/>\n<a href=\"mailto:proshop.pun@fourseasons.com\">proshop.pun@fourseasons.com<\/a><br \/>\nTel: +52 329 291 5598<\/li>\n<li><strong>Miguel L\u00f3pez <\/strong><br \/>\nDirector of Tennis &#8211; Punta Mita Tennis Club<br \/>\nEmail:\u00a0<a href=\"mailto:miguel.lopez@pbitennis.com\">miguel.lopez@pbitennis.com<\/a><\/li>\n<\/ul>\n<\/div><\/div><\/div><\/div><\/div><div class=\"fusion-separator fusion-full-width-sep\" style=\"align-self: center;margin-left: auto;margin-right: auto;margin-top:20px;margin-bottom:20px;width:100%;\"><div class=\"fusion-separator-border sep-double\" style=\"border-color:#ffffff;border-top-width:1px;border-bottom-width:1px;\"><\/div><\/div><div class=\"fusion-text fusion-text-1\"><p>Galardonado por Tennis Resorts Online como el Centro de Tenis # 1 en M\u00e9xico y administrado por Peter Burwash International (PBI), el centro de tenis ofrece 9 canchas de tenis \u2013 cinco de superficie dura y cuatro de c\u00e9sped sint\u00e9tico &#8211; 4 canchas de pickleball, una boutique, vestidores y un Gimnasio.<\/p>\n<\/div><\/div><\/div><style type=\"text\/css\">.fusion-body .fusion-builder-column-1{width:100% !important;margin-top : 0%;margin-bottom : 20px;}.fusion-builder-column-1 > .fusion-column-wrapper {padding-top : 20px !important;padding-right : 0px !important;margin-right : 1.92%;padding-bottom : 0px !important;padding-left : 0px !important;margin-left : 1.92%;}@media only screen and (max-width:1024px) {.fusion-body .fusion-builder-column-1{width:100% !important;}.fusion-builder-column-1 > .fusion-column-wrapper {margin-right : 1.92%;margin-left : 1.92%;}}@media only screen and (max-width:640px) {.fusion-body .fusion-builder-column-1{width:100% !important;}.fusion-builder-column-1 > .fusion-column-wrapper {margin-right : 1.92%;margin-left : 1.92%;}}<\/style><\/div><style type=\"text\/css\">.fusion-body .fusion-flex-container.fusion-builder-row-2{ padding-top : 0px;margin-top : 0px;padding-right : 0px;padding-bottom : 0px;margin-bottom : 0px;padding-left : 0px;}<\/style><\/div><\/p>\n","protected":false},"excerpt":{"rendered":"","protected":false},"author":2,"featured_media":0,"parent":0,"menu_order":0,"comment_status":"closed","ping_status":"closed","template":"100-width.php","meta":[],"_links":{"self":[{"href":"https:\/\/puntamita.com\/webapp\/wp-json\/wp\/v2\/pages\/111"}],"collection":[{"href":"https:\/\/puntamita.com\/webapp\/wp-json\/wp\/v2\/pages"}],"about":[{"href":"https:\/\/puntamita.com\/webapp\/wp-json\/wp\/v2\/types\/page"}],"author":[{"embeddable":true,"href":"https:\/\/puntamita.com\/webapp\/wp-json\/wp\/v2\/users\/2"}],"replies":[{"embeddable":true,"href":"https:\/\/puntamita.com\/webapp\/wp-json\/wp\/v2\/comments?post=111"}],"version-history":[{"count":3,"href":"https:\/\/puntamita.com\/webapp\/wp-json\/wp\/v2\/pages\/111\/revisions"}],"predecessor-version":[{"id":585,"href":"https:\/\/puntamita.com\/webapp\/wp-json\/wp\/v2\/pages\/111\/revisions\/585"}],"wp:attachment":[{"href":"https:\/\/puntamita.com\/webapp\/wp-json\/wp\/v2\/media?parent=111"}],"curies":[{"name":"wp","href":"https:\/\/api.w.org\/{rel}","templated":true}]}}