{"id":117,"date":"2020-10-01T21:17:14","date_gmt":"2020-10-01T21:17:14","guid":{"rendered":"https:\/\/puntamita.com\/webapp\/?page_id=117"},"modified":"2024-03-26T23:04:00","modified_gmt":"2024-03-26T23:04:00","slug":"pacifico-beach-club-es","status":"publish","type":"page","link":"https:\/\/puntamita.com\/webapp\/pacifico-beach-club-es\/","title":{"rendered":"Pacifico Beach Club es"},"content":{"rendered":"<p><div class=\"fusion-fullwidth fullwidth-box fusion-builder-row-1 fusion-flex-container nonhundred-percent-fullwidth non-hundred-percent-height-scrolling fusion-no-medium-visibility fusion-no-large-visibility\" style=\"background-color: #004c45;background-position: center center;background-repeat: no-repeat;border-width: 0px 0px 0px 0px;border-color:#e2e2e2;border-style:solid;\" ><div class=\"fusion-builder-row fusion-row fusion-flex-align-items-flex-start\" style=\"max-width:1248px;margin-left: calc(-4% \/ 2 );margin-right: calc(-4% \/ 2 );\"><div class=\"fusion-layout-column fusion_builder_column fusion-builder-column-0 fusion_builder_column_1_1 1_1 fusion-flex-column\"><div class=\"fusion-column-wrapper fusion-flex-justify-content-flex-start fusion-content-layout-column\" style=\"background-position:left top;background-repeat:no-repeat;-webkit-background-size:cover;-moz-background-size:cover;-o-background-size:cover;background-size:cover;padding: 0px 0px 0px 0px;\"><table width=100%\" \"height=20px\" border=\"0\">\n  <tbody>\n\t<tr style:\"height=20px\">\n\t  <td align=\"left\" v-align=\"center\"><a href=\"https:\/\/puntamita.com\/webapp\/punta-mita-es\/\"><img class=\"alignnone size-full wp-image-402\" src=\"https:\/\/puntamita.com\/webapp\/wp-content\/uploads\/2020\/10\/logo_puntamita_05.png\" alt=\"\" width=\"160\" height=\"39\" \/><\/a><\/td>\n\t  <td align=\"left\" v-align=\"center\"><style=\"text-align: left;\"><a class=\"fb-icon-element-1 fb-icon-element fontawesome-icon fa-angle-left fas circle-no fusion-text-flow fusion-link icon-hover-animation-slide\" style=\"font-size:16px;margin-right:8px;\" href=\"https:\/\/puntamita.com\/webapp\/punta-mita-es\/\" aria-label=\"Link to https:\/\/puntamita.com\/webapp\/punta-mita-es\/\" target=\"_self\"><\/a><style>a.fb-icon-element.fontawesome-icon.fb-icon-element-1{ color: #ffffff;}a.fb-icon-element.fontawesome-icon.fb-icon-element-1:hover { color: #ffffff;}<\/style> <a href=\"https:\/\/puntamita.com\/webapp\/punta-mita-es\/\"><span style:\"color:#FFFFFF\"><strong>BACK<\/strong><\/span><\/a><\/td>\n\t<\/tr>\n  <\/tbody>\n<\/table><\/div><\/div><style type=\"text\/css\">.fusion-body .fusion-builder-column-0{width:100% !important;margin-top : 0%;margin-bottom : 0%;}.fusion-builder-column-0 > .fusion-column-wrapper {padding-top : 0px !important;padding-right : 0px !important;margin-right : 1.92%;padding-bottom : 0px !important;padding-left : 0px !important;margin-left : 1.92%;}@media only screen and (max-width:1024px) {.fusion-body .fusion-builder-column-0{width:100% !important;}.fusion-builder-column-0 > .fusion-column-wrapper {margin-right : 1.92%;margin-left : 1.92%;}}@media only screen and (max-width:640px) {.fusion-body .fusion-builder-column-0{width:100% !important;}.fusion-builder-column-0 > .fusion-column-wrapper {margin-right : 1.92%;margin-left : 1.92%;}}<\/style><\/div><style type=\"text\/css\">.fusion-fullwidth.fusion-builder-row-1 a:not(.fusion-button):not(.fusion-builder-module-control):not(.fusion-social-network-icon):not(.fb-icon-element):not(.fusion-countdown-link):not(.fusion-rollover-link):not(.fusion-rollover-gallery):not(.fusion-button-bar):not(.add_to_cart_button):not(.show_details_button):not(.product_type_external):not(.fusion-view-cart):not(.fusion-quick-view):not(.fusion-rollover-title-link):not(.fusion-breadcrumb-link) , .fusion-fullwidth.fusion-builder-row-1 a:not(.fusion-button):not(.fusion-builder-module-control):not(.fusion-social-network-icon):not(.fb-icon-element):not(.fusion-countdown-link):not(.fusion-rollover-link):not(.fusion-rollover-gallery):not(.fusion-button-bar):not(.add_to_cart_button):not(.show_details_button):not(.product_type_external):not(.fusion-view-cart):not(.fusion-quick-view):not(.fusion-rollover-title-link):not(.fusion-breadcrumb-link):before, .fusion-fullwidth.fusion-builder-row-1 a:not(.fusion-button):not(.fusion-builder-module-control):not(.fusion-social-network-icon):not(.fb-icon-element):not(.fusion-countdown-link):not(.fusion-rollover-link):not(.fusion-rollover-gallery):not(.fusion-button-bar):not(.add_to_cart_button):not(.show_details_button):not(.product_type_external):not(.fusion-view-cart):not(.fusion-quick-view):not(.fusion-rollover-title-link):not(.fusion-breadcrumb-link):after {color: #ffffff;}.fusion-fullwidth.fusion-builder-row-1 a:not(.fusion-button):not(.fusion-builder-module-control):not(.fusion-social-network-icon):not(.fb-icon-element):not(.fusion-countdown-link):not(.fusion-rollover-link):not(.fusion-rollover-gallery):not(.fusion-button-bar):not(.add_to_cart_button):not(.show_details_button):not(.product_type_external):not(.fusion-view-cart):not(.fusion-quick-view):not(.fusion-rollover-title-link):not(.fusion-breadcrumb-link):hover, .fusion-fullwidth.fusion-builder-row-1 a:not(.fusion-button):not(.fusion-builder-module-control):not(.fusion-social-network-icon):not(.fb-icon-element):not(.fusion-countdown-link):not(.fusion-rollover-link):not(.fusion-rollover-gallery):not(.fusion-button-bar):not(.add_to_cart_button):not(.show_details_button):not(.product_type_external):not(.fusion-view-cart):not(.fusion-quick-view):not(.fusion-rollover-title-link):not(.fusion-breadcrumb-link):hover:before, .fusion-fullwidth.fusion-builder-row-1 a:not(.fusion-button):not(.fusion-builder-module-control):not(.fusion-social-network-icon):not(.fb-icon-element):not(.fusion-countdown-link):not(.fusion-rollover-link):not(.fusion-rollover-gallery):not(.fusion-button-bar):not(.add_to_cart_button):not(.show_details_button):not(.product_type_external):not(.fusion-view-cart):not(.fusion-quick-view):not(.fusion-rollover-title-link):not(.fusion-breadcrumb-link):hover:after {color: #ffffff;}.fusion-fullwidth.fusion-builder-row-1 .pagination a.inactive:hover, .fusion-fullwidth.fusion-builder-row-1 .fusion-filters .fusion-filter.fusion-active a {border-color: #ffffff;}.fusion-fullwidth.fusion-builder-row-1 .pagination .current {border-color: #ffffff; background-color: #ffffff;}.fusion-fullwidth.fusion-builder-row-1 .fusion-filters .fusion-filter.fusion-active a, .fusion-fullwidth.fusion-builder-row-1 .fusion-date-and-formats .fusion-format-box, .fusion-fullwidth.fusion-builder-row-1 .fusion-popover, .fusion-fullwidth.fusion-builder-row-1 .tooltip-shortcode {color: #ffffff;}#wrapper .fusion-fullwidth.fusion-builder-row-1 .fusion-widget-area .fusion-vertical-menu-widget .menu li.current_page_ancestor > a, #wrapper .fusion-fullwidth.fusion-builder-row-1 .fusion-widget-area .fusion-vertical-menu-widget .menu li.current_page_ancestor > a:before, #wrapper .fusion-fullwidth.fusion-builder-row-1 .fusion-widget-area .fusion-vertical-menu-widget .current-menu-item > a, #wrapper .fusion-fullwidth.fusion-builder-row-1 .fusion-widget-area .fusion-vertical-menu-widget .current-menu-item > a:before, #wrapper .fusion-fullwidth.fusion-builder-row-1 .fusion-widget-area .fusion-vertical-menu-widget .current_page_item > a, #wrapper .fusion-fullwidth.fusion-builder-row-1 .fusion-widget-area .fusion-vertical-menu-widget .current_page_item > a:before {color: #ffffff;}#wrapper .fusion-fullwidth.fusion-builder-row-1 .fusion-widget-area .widget_nav_menu .menu li.current_page_ancestor > a, #wrapper .fusion-fullwidth.fusion-builder-row-1 .fusion-widget-area .widget_nav_menu .menu li.current_page_ancestor > a:before, #wrapper .fusion-fullwidth.fusion-builder-row-1 .fusion-widget-area .widget_nav_menu .current-menu-item > a, #wrapper .fusion-fullwidth.fusion-builder-row-1 .fusion-widget-area .widget_nav_menu .current-menu-item > a:before, #wrapper .fusion-fullwidth.fusion-builder-row-1 .fusion-widget-area .widget_nav_menu .current_page_item > a, #wrapper .fusion-fullwidth.fusion-builder-row-1 .fusion-widget-area .widget_nav_menu .current_page_item > a:before {color: #ffffff;}#wrapper .fusion-fullwidth.fusion-builder-row-1 .fusion-vertical-menu-widget .menu li.current_page_item > a { border-right-color:#ffffff;border-left-color:#ffffff;}#wrapper .fusion-fullwidth.fusion-builder-row-1 .fusion-widget-area .tagcloud a:hover { color: #fff; background-color: #ffffff;border-color: #ffffff;}#main .fusion-fullwidth.fusion-builder-row-1 .post .blog-shortcode-post-title a:hover {color: #ffffff;}.fusion-body .fusion-flex-container.fusion-builder-row-1{ padding-top : 0px;margin-top : 0%;padding-right : 0px;padding-bottom : 0px;margin-bottom : 0%;padding-left : 0px;}<\/style><\/div><div class=\"fusion-fullwidth fullwidth-box fusion-builder-row-2 fusion-flex-container nonhundred-percent-fullwidth non-hundred-percent-height-scrolling fusion-no-medium-visibility fusion-no-large-visibility\" style=\"background-color: rgba(255,255,255,0);background-position: center center;background-repeat: no-repeat;border-width: 0px 0px 0px 0px;border-color:#e2e2e2;border-style:solid;\" ><div class=\"fusion-builder-row fusion-row fusion-flex-align-items-flex-start\" style=\"max-width:1248px;margin-left: calc(-4% \/ 2 );margin-right: calc(-4% \/ 2 );\"><div class=\"fusion-layout-column fusion_builder_column fusion-builder-column-1 fusion_builder_column_1_1 1_1 fusion-flex-column\"><div class=\"fusion-column-wrapper fusion-flex-justify-content-flex-start fusion-content-layout-column\" style=\"background-position:left top;background-repeat:no-repeat;-webkit-background-size:cover;-moz-background-size:cover;-o-background-size:cover;background-size:cover;padding: 20px 0px 0px 0px;\"><style type=\"text\/css\">@media only screen and (max-width:1024px) {.fusion-title.fusion-title-1{margin-top:10px!important;margin-bottom:15px!important;}}@media only screen and (max-width:640px) {.fusion-title.fusion-title-1{margin-top:10px!important;margin-bottom:10px!important;}}<\/style><div class=\"fusion-title title fusion-title-1 fusion-title-text fusion-title-size-four\" style=\"margin-top:10px;margin-bottom:15px;\"><div class=\"title-sep-container title-sep-container-left fusion-no-large-visibility fusion-no-medium-visibility fusion-no-small-visibility\"><div class=\"title-sep sep-double sep-solid\" style=\"border-color:#ffffff;\"><\/div><\/div><h4 class=\"title-heading-left\" style=\"margin:0;color:#004c45;\">Pac\u00edfico Beach Club<\/h4><div class=\"title-sep-container title-sep-container-right\"><div class=\"title-sep sep-double sep-solid\" style=\"border-color:#ffffff;\"><\/div><\/div><\/div><div ><span class=\" fusion-imageframe imageframe-none imageframe-1 hover-type-none\"><img width=\"1169\" image_height=\"509\" image_id=\"47\" title=\"bc_pacifico\" src=\"https:\/\/puntamita.com\/webapp\/wp-content\/uploads\/2020\/10\/bc_pacifico.jpg\" class=\"img-responsive wp-image-47\" srcset=\"https:\/\/puntamita.com\/webapp\/wp-content\/uploads\/2020\/10\/bc_pacifico-200x87.jpg 200w, https:\/\/puntamita.com\/webapp\/wp-content\/uploads\/2020\/10\/bc_pacifico-400x174.jpg 400w, https:\/\/puntamita.com\/webapp\/wp-content\/uploads\/2020\/10\/bc_pacifico-600x261.jpg 600w, https:\/\/puntamita.com\/webapp\/wp-content\/uploads\/2020\/10\/bc_pacifico-800x348.jpg 800w, https:\/\/puntamita.com\/webapp\/wp-content\/uploads\/2020\/10\/bc_pacifico.jpg 1169w\" sizes=\"(max-width: 640px) 100vw, 1169px\" \/><\/span><\/div><style type=\"text\/css\">.fusion-accordian  #accordion-117-1 .panel-title a .fa-fusion-box{ color: #ffffff;}.fusion-accordian  #accordion-117-1 .panel-title a .fa-fusion-box:before{ font-size: 16px; width: 16px;}.fusion-accordian  #accordion-117-1 .fa-fusion-box { background-color: #004c45;border-color: #004c45;}.fusion-accordian  #accordion-117-1 .panel-title a:hover, #accordion-117-1 .fusion-toggle-boxed-mode:hover .panel-title a { color: #007c3e;}.fusion-accordian  #accordion-117-1 .panel-title .active .fa-fusion-box,.fusion-accordian  #accordion-117-1 .panel-title a:hover .fa-fusion-box { background-color: #007c3e!important;border-color: #007c3e!important;}<\/style><div class=\"accordian fusion-accordian\"><div class=\"panel-group\" id=\"accordion-117-1\" role=\"tablist\"><div class=\"fusion-panel panel-default\" role=\"tabpanel\"><div class=\"panel-heading\"><h4 class=\"panel-title toggle\"><a aria-expanded=\"false\" aria-selected=\"false\" aria-controls=\"e15c7fc166f8d98da\" role=\"tab\" data-toggle=\"collapse\" data-parent=\"#accordion-117-1\" data-target=\"#e15c7fc166f8d98da\" href=\"#e15c7fc166f8d98da\"><span class=\"fusion-toggle-icon-wrapper\" aria-hidden=\"true\"><i class=\"fa-fusion-box\" aria-hidden=\"true\"><\/i><\/span><span class=\"fusion-toggle-heading\">CONTACTO Y RESERVAS<\/span><\/a><\/h4><\/div><div id=\"e15c7fc166f8d98da\" class=\"panel-collapse collapse \"><div class=\"panel-body toggle-content fusion-clearfix\">\n<p><a href=\"mailto:concierge@puntamita.com\">concierge@puntamita.com<\/a><\/p>\n<p>Tel: +52\u00a0329 291 1853<\/p>\n<\/div><\/div><\/div><div class=\"fusion-panel panel-default\" role=\"tabpanel\"><div class=\"panel-heading\"><h4 class=\"panel-title toggle\"><a aria-expanded=\"false\" aria-selected=\"false\" aria-controls=\"b9411c54865cc324f\" role=\"tab\" data-toggle=\"collapse\" data-parent=\"#accordion-117-1\" data-target=\"#b9411c54865cc324f\" href=\"#b9411c54865cc324f\"><span class=\"fusion-toggle-icon-wrapper\" aria-hidden=\"true\"><i class=\"fa-fusion-box\" aria-hidden=\"true\"><\/i><\/span><span class=\"fusion-toggle-heading\">HORARIO<\/span><\/a><\/h4><\/div><div id=\"b9411c54865cc324f\" class=\"panel-collapse collapse \"><div class=\"panel-body toggle-content fusion-clearfix\">\n<p><strong>Abierto diariamente de 8:30 am a 10:00 pm<\/strong><\/p>\n<ul>\n<li>Desayuno 8:30 am a 11:30 pm<\/li>\n<li>Comida 12:00 pm a 5:30<\/li>\n<li>Cena 6:00 pm a 10:00 pm<\/li>\n<li>Bar: 9:00 am a 10:00 pm<\/li>\n<\/ul>\n<\/div><\/div><\/div><div class=\"fusion-panel panel-default\" role=\"tabpanel\"><div class=\"panel-heading\"><h4 class=\"panel-title toggle\"><a aria-expanded=\"false\" aria-selected=\"false\" aria-controls=\"4456b0a5193dcaec8\" role=\"tab\" data-toggle=\"collapse\" data-parent=\"#accordion-117-1\" data-target=\"#4456b0a5193dcaec8\" href=\"#4456b0a5193dcaec8\"><span class=\"fusion-toggle-icon-wrapper\" aria-hidden=\"true\"><i class=\"fa-fusion-box\" aria-hidden=\"true\"><\/i><\/span><span class=\"fusion-toggle-heading\">MEN\u00da<\/span><\/a><\/h4><\/div><div id=\"4456b0a5193dcaec8\" class=\"panel-collapse collapse \"><div class=\"panel-body toggle-content fusion-clearfix\">\n<ul>\n<li><a href=\"https:\/\/puntamita.com\/webapp\/wp-content\/uploads\/2024\/03\/Pacifico-Breakfast-Menu.pdf\" target=\"_blank\" rel=\"noopener noreferrer\">DESAYUNO<\/a><\/li>\n<li><a href=\"https:\/\/puntamita.com\/webapp\/wp-content\/uploads\/2024\/03\/Pacifico-Lunch-Menu.pdf\" target=\"_blank\" rel=\"noopener noreferrer\">MEN\u00da DE ALMUERZO<\/a><\/li>\n<li><a href=\"https:\/\/puntamita.com\/webapp\/wp-content\/uploads\/2024\/03\/Pacifico-Dinner-Menu.pdf\" target=\"_blank\" rel=\"noopener noreferrer\">MEN\u00da DE CENA<\/a><\/li>\n<li><a href=\"https:\/\/puntamita.com\/webapp\/wp-content\/uploads\/2024\/03\/Pacifico-Beach-Menu.pdf\" target=\"_blank\" rel=\"noopener noreferrer\">MEN\u00da DE PLAYA<\/a><\/li>\n<\/ul>\n<\/div><\/div><\/div><div class=\"fusion-panel panel-default\" role=\"tabpanel\"><div class=\"panel-heading\"><h4 class=\"panel-title toggle\"><a aria-expanded=\"false\" aria-selected=\"false\" aria-controls=\"9255ae242f40c8ab4\" role=\"tab\" data-toggle=\"collapse\" data-parent=\"#accordion-117-1\" data-target=\"#9255ae242f40c8ab4\" href=\"#9255ae242f40c8ab4\"><span class=\"fusion-toggle-icon-wrapper\" aria-hidden=\"true\"><i class=\"fa-fusion-box\" aria-hidden=\"true\"><\/i><\/span><span class=\"fusion-toggle-heading\">UBICACI\u00d3N<\/span><\/a><\/h4><\/div><div id=\"9255ae242f40c8ab4\" class=\"panel-collapse collapse \"><div class=\"panel-body toggle-content fusion-clearfix\">\n<p><iframe style=\"border: 0;\" tabindex=\"0\" src=\"https:\/\/www.google.com\/maps\/embed?pb=!1m18!1m12!1m3!1d3730.3279763766905!2d-105.53458508507376!3d20.778015201666822!2m3!1f0!2f0!3f0!3m2!1i1024!2i768!4f13.1!3m3!1m2!1s0x84211310c4048317%3A0x856ac1a6568d4dcd!2sPacifico%20Beach%20Club!5e0!3m2!1ses!2sar!4v1597183004950!5m2!1ses!2sar\" width=\"600\" height=\"450\" frameborder=\"0\" allowfullscreen=\"allowfullscreen\" aria-hidden=\"false\"><\/iframe><\/p>\n<\/div><\/div><\/div><\/div><\/div><div class=\"fusion-separator fusion-full-width-sep\" style=\"align-self: center;margin-left: auto;margin-right: auto;margin-top:20px;margin-bottom:20px;width:100%;\"><div class=\"fusion-separator-border sep-double\" style=\"border-color:#ffffff;border-top-width:1px;border-bottom-width:1px;\"><\/div><\/div><div class=\"fusion-text fusion-text-1\"><p>Cuenta con un restaurante de cocina mexicana contempor\u00e1nea, una piscina a la orilla del mar, \u00e1rea de juegos infantiles, una amplia superficie de playa con camastros, caba\u00f1as de spa, casilleros, vestidores y regaderas. Para todos los miembros se ofrece una variedad de deportes acu\u00e1ticos que incluye snorkeling, kayak, boogieboard, surf y paddleboard.<\/p>\n<\/div><\/div><\/div><style type=\"text\/css\">.fusion-body .fusion-builder-column-1{width:100% !important;margin-top : 0%;margin-bottom : 20px;}.fusion-builder-column-1 > .fusion-column-wrapper {padding-top : 20px !important;padding-right : 0px !important;margin-right : 1.92%;padding-bottom : 0px !important;padding-left : 0px !important;margin-left : 1.92%;}@media only screen and (max-width:1024px) {.fusion-body .fusion-builder-column-1{width:100% !important;}.fusion-builder-column-1 > .fusion-column-wrapper {margin-right : 1.92%;margin-left : 1.92%;}}@media only screen and (max-width:640px) {.fusion-body .fusion-builder-column-1{width:100% !important;}.fusion-builder-column-1 > .fusion-column-wrapper {margin-right : 1.92%;margin-left : 1.92%;}}<\/style><\/div><style type=\"text\/css\">.fusion-body .fusion-flex-container.fusion-builder-row-2{ padding-top : 0px;margin-top : 0px;padding-right : 0px;padding-bottom : 0px;margin-bottom : 0px;padding-left : 0px;}<\/style><\/div><\/p>\n","protected":false},"excerpt":{"rendered":"","protected":false},"author":2,"featured_media":0,"parent":0,"menu_order":0,"comment_status":"closed","ping_status":"closed","template":"100-width.php","meta":[],"_links":{"self":[{"href":"https:\/\/puntamita.com\/webapp\/wp-json\/wp\/v2\/pages\/117"}],"collection":[{"href":"https:\/\/puntamita.com\/webapp\/wp-json\/wp\/v2\/pages"}],"about":[{"href":"https:\/\/puntamita.com\/webapp\/wp-json\/wp\/v2\/types\/page"}],"author":[{"embeddable":true,"href":"https:\/\/puntamita.com\/webapp\/wp-json\/wp\/v2\/users\/2"}],"replies":[{"embeddable":true,"href":"https:\/\/puntamita.com\/webapp\/wp-json\/wp\/v2\/comments?post=117"}],"version-history":[{"count":7,"href":"https:\/\/puntamita.com\/webapp\/wp-json\/wp\/v2\/pages\/117\/revisions"}],"predecessor-version":[{"id":573,"href":"https:\/\/puntamita.com\/webapp\/wp-json\/wp\/v2\/pages\/117\/revisions\/573"}],"wp:attachment":[{"href":"https:\/\/puntamita.com\/webapp\/wp-json\/wp\/v2\/media?parent=117"}],"curies":[{"name":"wp","href":"https:\/\/api.w.org\/{rel}","templated":true}]}}