{"id":120,"date":"2020-10-01T21:20:29","date_gmt":"2020-10-01T21:20:29","guid":{"rendered":"https:\/\/puntamita.com\/webapp\/?page_id=120"},"modified":"2024-03-26T23:11:22","modified_gmt":"2024-03-26T23:11:22","slug":"kupuri-beach-club-es","status":"publish","type":"page","link":"https:\/\/puntamita.com\/webapp\/kupuri-beach-club-es\/","title":{"rendered":"Kupuri Beach Club es"},"content":{"rendered":"<p><div class=\"fusion-fullwidth fullwidth-box fusion-builder-row-1 fusion-flex-container nonhundred-percent-fullwidth non-hundred-percent-height-scrolling fusion-no-medium-visibility fusion-no-large-visibility\" style=\"background-color: #004c45;background-position: center center;background-repeat: no-repeat;border-width: 0px 0px 0px 0px;border-color:#e2e2e2;border-style:solid;\" ><div class=\"fusion-builder-row fusion-row fusion-flex-align-items-flex-start\" style=\"max-width:1248px;margin-left: calc(-4% \/ 2 );margin-right: calc(-4% \/ 2 );\"><div class=\"fusion-layout-column fusion_builder_column fusion-builder-column-0 fusion_builder_column_1_1 1_1 fusion-flex-column\"><div class=\"fusion-column-wrapper fusion-flex-justify-content-flex-start fusion-content-layout-column\" style=\"background-position:left top;background-repeat:no-repeat;-webkit-background-size:cover;-moz-background-size:cover;-o-background-size:cover;background-size:cover;padding: 0px 0px 0px 0px;\"><table width=100%\" \"height=20px\" border=\"0\">\n  <tbody>\n\t<tr style:\"height=20px\">\n\t  <td align=\"left\" v-align=\"center\"><a href=\"https:\/\/puntamita.com\/webapp\/punta-mita-es\/\"><img class=\"alignnone size-full wp-image-402\" src=\"https:\/\/puntamita.com\/webapp\/wp-content\/uploads\/2020\/10\/logo_puntamita_05.png\" alt=\"\" width=\"160\" height=\"39\" \/><\/a><\/td>\n\t  <td align=\"left\" v-align=\"center\"><style=\"text-align: left;\"><a class=\"fb-icon-element-1 fb-icon-element fontawesome-icon fa-angle-left fas circle-no fusion-text-flow fusion-link icon-hover-animation-slide\" style=\"font-size:16px;margin-right:8px;\" href=\"https:\/\/puntamita.com\/webapp\/punta-mita-es\/\" aria-label=\"Link to https:\/\/puntamita.com\/webapp\/punta-mita-es\/\" target=\"_self\"><\/a><style>a.fb-icon-element.fontawesome-icon.fb-icon-element-1{ color: #ffffff;}a.fb-icon-element.fontawesome-icon.fb-icon-element-1:hover { color: #ffffff;}<\/style> <a href=\"https:\/\/puntamita.com\/webapp\/punta-mita-es\/\"><span style:\"color:#FFFFFF\"><strong>VOLVER<\/strong><\/span><\/a><\/td>\n\t<\/tr>\n  <\/tbody>\n<\/table>\n<\/div><\/div><style type=\"text\/css\">.fusion-body .fusion-builder-column-0{width:100% !important;margin-top : 0%;margin-bottom : 0%;}.fusion-builder-column-0 > .fusion-column-wrapper {padding-top : 0px !important;padding-right : 0px !important;margin-right : 1.92%;padding-bottom : 0px !important;padding-left : 0px !important;margin-left : 1.92%;}@media only screen and (max-width:1024px) {.fusion-body .fusion-builder-column-0{width:100% !important;}.fusion-builder-column-0 > .fusion-column-wrapper {margin-right : 1.92%;margin-left : 1.92%;}}@media only screen and (max-width:640px) {.fusion-body .fusion-builder-column-0{width:100% !important;}.fusion-builder-column-0 > .fusion-column-wrapper {margin-right : 1.92%;margin-left : 1.92%;}}<\/style><\/div><style type=\"text\/css\">.fusion-fullwidth.fusion-builder-row-1 a:not(.fusion-button):not(.fusion-builder-module-control):not(.fusion-social-network-icon):not(.fb-icon-element):not(.fusion-countdown-link):not(.fusion-rollover-link):not(.fusion-rollover-gallery):not(.fusion-button-bar):not(.add_to_cart_button):not(.show_details_button):not(.product_type_external):not(.fusion-view-cart):not(.fusion-quick-view):not(.fusion-rollover-title-link):not(.fusion-breadcrumb-link) , .fusion-fullwidth.fusion-builder-row-1 a:not(.fusion-button):not(.fusion-builder-module-control):not(.fusion-social-network-icon):not(.fb-icon-element):not(.fusion-countdown-link):not(.fusion-rollover-link):not(.fusion-rollover-gallery):not(.fusion-button-bar):not(.add_to_cart_button):not(.show_details_button):not(.product_type_external):not(.fusion-view-cart):not(.fusion-quick-view):not(.fusion-rollover-title-link):not(.fusion-breadcrumb-link):before, .fusion-fullwidth.fusion-builder-row-1 a:not(.fusion-button):not(.fusion-builder-module-control):not(.fusion-social-network-icon):not(.fb-icon-element):not(.fusion-countdown-link):not(.fusion-rollover-link):not(.fusion-rollover-gallery):not(.fusion-button-bar):not(.add_to_cart_button):not(.show_details_button):not(.product_type_external):not(.fusion-view-cart):not(.fusion-quick-view):not(.fusion-rollover-title-link):not(.fusion-breadcrumb-link):after {color: #ffffff;}.fusion-fullwidth.fusion-builder-row-1 a:not(.fusion-button):not(.fusion-builder-module-control):not(.fusion-social-network-icon):not(.fb-icon-element):not(.fusion-countdown-link):not(.fusion-rollover-link):not(.fusion-rollover-gallery):not(.fusion-button-bar):not(.add_to_cart_button):not(.show_details_button):not(.product_type_external):not(.fusion-view-cart):not(.fusion-quick-view):not(.fusion-rollover-title-link):not(.fusion-breadcrumb-link):hover, .fusion-fullwidth.fusion-builder-row-1 a:not(.fusion-button):not(.fusion-builder-module-control):not(.fusion-social-network-icon):not(.fb-icon-element):not(.fusion-countdown-link):not(.fusion-rollover-link):not(.fusion-rollover-gallery):not(.fusion-button-bar):not(.add_to_cart_button):not(.show_details_button):not(.product_type_external):not(.fusion-view-cart):not(.fusion-quick-view):not(.fusion-rollover-title-link):not(.fusion-breadcrumb-link):hover:before, .fusion-fullwidth.fusion-builder-row-1 a:not(.fusion-button):not(.fusion-builder-module-control):not(.fusion-social-network-icon):not(.fb-icon-element):not(.fusion-countdown-link):not(.fusion-rollover-link):not(.fusion-rollover-gallery):not(.fusion-button-bar):not(.add_to_cart_button):not(.show_details_button):not(.product_type_external):not(.fusion-view-cart):not(.fusion-quick-view):not(.fusion-rollover-title-link):not(.fusion-breadcrumb-link):hover:after {color: #ffffff;}.fusion-fullwidth.fusion-builder-row-1 .pagination a.inactive:hover, .fusion-fullwidth.fusion-builder-row-1 .fusion-filters .fusion-filter.fusion-active a {border-color: #ffffff;}.fusion-fullwidth.fusion-builder-row-1 .pagination .current {border-color: #ffffff; background-color: #ffffff;}.fusion-fullwidth.fusion-builder-row-1 .fusion-filters .fusion-filter.fusion-active a, .fusion-fullwidth.fusion-builder-row-1 .fusion-date-and-formats .fusion-format-box, .fusion-fullwidth.fusion-builder-row-1 .fusion-popover, .fusion-fullwidth.fusion-builder-row-1 .tooltip-shortcode {color: #ffffff;}#wrapper .fusion-fullwidth.fusion-builder-row-1 .fusion-widget-area .fusion-vertical-menu-widget .menu li.current_page_ancestor > a, #wrapper .fusion-fullwidth.fusion-builder-row-1 .fusion-widget-area .fusion-vertical-menu-widget .menu li.current_page_ancestor > a:before, #wrapper .fusion-fullwidth.fusion-builder-row-1 .fusion-widget-area .fusion-vertical-menu-widget .current-menu-item > a, #wrapper .fusion-fullwidth.fusion-builder-row-1 .fusion-widget-area .fusion-vertical-menu-widget .current-menu-item > a:before, #wrapper .fusion-fullwidth.fusion-builder-row-1 .fusion-widget-area .fusion-vertical-menu-widget .current_page_item > a, #wrapper .fusion-fullwidth.fusion-builder-row-1 .fusion-widget-area .fusion-vertical-menu-widget .current_page_item > a:before {color: #ffffff;}#wrapper .fusion-fullwidth.fusion-builder-row-1 .fusion-widget-area .widget_nav_menu .menu li.current_page_ancestor > a, #wrapper .fusion-fullwidth.fusion-builder-row-1 .fusion-widget-area .widget_nav_menu .menu li.current_page_ancestor > a:before, #wrapper .fusion-fullwidth.fusion-builder-row-1 .fusion-widget-area .widget_nav_menu .current-menu-item > a, #wrapper .fusion-fullwidth.fusion-builder-row-1 .fusion-widget-area .widget_nav_menu .current-menu-item > a:before, #wrapper .fusion-fullwidth.fusion-builder-row-1 .fusion-widget-area .widget_nav_menu .current_page_item > a, #wrapper .fusion-fullwidth.fusion-builder-row-1 .fusion-widget-area .widget_nav_menu .current_page_item > a:before {color: #ffffff;}#wrapper .fusion-fullwidth.fusion-builder-row-1 .fusion-vertical-menu-widget .menu li.current_page_item > a { border-right-color:#ffffff;border-left-color:#ffffff;}#wrapper .fusion-fullwidth.fusion-builder-row-1 .fusion-widget-area .tagcloud a:hover { color: #fff; background-color: #ffffff;border-color: #ffffff;}#main .fusion-fullwidth.fusion-builder-row-1 .post .blog-shortcode-post-title a:hover {color: #ffffff;}.fusion-body .fusion-flex-container.fusion-builder-row-1{ padding-top : 0px;margin-top : 0%;padding-right : 0px;padding-bottom : 0px;margin-bottom : 0%;padding-left : 0px;}<\/style><\/div><div class=\"fusion-fullwidth fullwidth-box fusion-builder-row-2 fusion-flex-container nonhundred-percent-fullwidth non-hundred-percent-height-scrolling fusion-no-medium-visibility fusion-no-large-visibility\" style=\"background-color: rgba(255,255,255,0);background-position: center center;background-repeat: no-repeat;border-width: 0px 0px 0px 0px;border-color:#e2e2e2;border-style:solid;\" ><div class=\"fusion-builder-row fusion-row fusion-flex-align-items-flex-start\" style=\"max-width:1248px;margin-left: calc(-4% \/ 2 );margin-right: calc(-4% \/ 2 );\"><div class=\"fusion-layout-column fusion_builder_column fusion-builder-column-1 fusion_builder_column_1_1 1_1 fusion-flex-column\"><div class=\"fusion-column-wrapper fusion-flex-justify-content-flex-start fusion-content-layout-column\" style=\"background-position:left top;background-repeat:no-repeat;-webkit-background-size:cover;-moz-background-size:cover;-o-background-size:cover;background-size:cover;padding: 20px 0px 0px 0px;\"><style type=\"text\/css\">@media only screen and (max-width:1024px) {.fusion-title.fusion-title-1{margin-top:10px!important;margin-bottom:15px!important;}}@media only screen and (max-width:640px) {.fusion-title.fusion-title-1{margin-top:10px!important;margin-bottom:10px!important;}}<\/style><div class=\"fusion-title title fusion-title-1 fusion-title-text fusion-title-size-four\" style=\"margin-top:10px;margin-bottom:15px;\"><div class=\"title-sep-container title-sep-container-left fusion-no-large-visibility fusion-no-medium-visibility fusion-no-small-visibility\"><div class=\"title-sep sep-double sep-solid\" style=\"border-color:#ffffff;\"><\/div><\/div><h4 class=\"title-heading-left\" style=\"margin:0;color:#004c45;\">Kupuri Beach Club<\/h4><div class=\"title-sep-container title-sep-container-right\"><div class=\"title-sep sep-double sep-solid\" style=\"border-color:#ffffff;\"><\/div><\/div><\/div><div ><span class=\" fusion-imageframe imageframe-none imageframe-1 hover-type-none\"><img width=\"1169\" image_height=\"509\" image_id=\"46\" title=\"bc_kupuri\" src=\"https:\/\/puntamita.com\/webapp\/wp-content\/uploads\/2020\/10\/bc_kupuri.jpg\" class=\"img-responsive wp-image-46\" srcset=\"https:\/\/puntamita.com\/webapp\/wp-content\/uploads\/2020\/10\/bc_kupuri-200x87.jpg 200w, https:\/\/puntamita.com\/webapp\/wp-content\/uploads\/2020\/10\/bc_kupuri-400x174.jpg 400w, https:\/\/puntamita.com\/webapp\/wp-content\/uploads\/2020\/10\/bc_kupuri-600x261.jpg 600w, https:\/\/puntamita.com\/webapp\/wp-content\/uploads\/2020\/10\/bc_kupuri-800x348.jpg 800w, https:\/\/puntamita.com\/webapp\/wp-content\/uploads\/2020\/10\/bc_kupuri.jpg 1169w\" sizes=\"(max-width: 640px) 100vw, 1169px\" \/><\/span><\/div><style type=\"text\/css\">.fusion-accordian  #accordion-120-1 .panel-title a .fa-fusion-box{ color: #ffffff;}.fusion-accordian  #accordion-120-1 .panel-title a .fa-fusion-box:before{ font-size: 16px; width: 16px;}.fusion-accordian  #accordion-120-1 .fa-fusion-box { background-color: #004c45;border-color: #004c45;}.fusion-accordian  #accordion-120-1 .panel-title a:hover, #accordion-120-1 .fusion-toggle-boxed-mode:hover .panel-title a { color: #007c3e;}.fusion-accordian  #accordion-120-1 .panel-title .active .fa-fusion-box,.fusion-accordian  #accordion-120-1 .panel-title a:hover .fa-fusion-box { background-color: #007c3e!important;border-color: #007c3e!important;}<\/style><div class=\"accordian fusion-accordian\"><div class=\"panel-group\" id=\"accordion-120-1\" role=\"tablist\"><div class=\"fusion-panel panel-default\" role=\"tabpanel\"><div class=\"panel-heading\"><h4 class=\"panel-title toggle\"><a aria-expanded=\"false\" aria-selected=\"false\" aria-controls=\"742f41bdc34f836f7\" role=\"tab\" data-toggle=\"collapse\" data-parent=\"#accordion-120-1\" data-target=\"#742f41bdc34f836f7\" href=\"#742f41bdc34f836f7\"><span class=\"fusion-toggle-icon-wrapper\" aria-hidden=\"true\"><i class=\"fa-fusion-box\" aria-hidden=\"true\"><\/i><\/span><span class=\"fusion-toggle-heading\">CONTACTO Y RESERVAS<\/span><\/a><\/h4><\/div><div id=\"742f41bdc34f836f7\" class=\"panel-collapse collapse \"><div class=\"panel-body toggle-content fusion-clearfix\">\n<p><a href=\"mailto:concierge@puntamita.com\">concierge@puntamita.com<\/a><\/p>\n<p>Tel: +52 329 291 1850<\/p>\n<\/div><\/div><\/div><div class=\"fusion-panel panel-default\" role=\"tabpanel\"><div class=\"panel-heading\"><h4 class=\"panel-title toggle\"><a aria-expanded=\"false\" aria-selected=\"false\" aria-controls=\"dd34bd58953d7634e\" role=\"tab\" data-toggle=\"collapse\" data-parent=\"#accordion-120-1\" data-target=\"#dd34bd58953d7634e\" href=\"#dd34bd58953d7634e\"><span class=\"fusion-toggle-icon-wrapper\" aria-hidden=\"true\"><i class=\"fa-fusion-box\" aria-hidden=\"true\"><\/i><\/span><span class=\"fusion-toggle-heading\">HORARIO<\/span><\/a><\/h4><\/div><div id=\"dd34bd58953d7634e\" class=\"panel-collapse collapse \"><div class=\"panel-body toggle-content fusion-clearfix\">\n<ul type=\"disc\">\n<li class=\"m_6361902092867161917MsoListParagraph\">Asai Service de 2:00 pm a 10:30 pm<\/li>\n<li>Food service de 10:00 am a 6:00 pm<\/li>\n<li>Bar service de 10:30 am a 5:30 pm<\/li>\n<li>Hector\u2019s Kitchen:<\/li>\n<li>\u00a0Navi Spa de 10:00 am a 5:00 pm<\/li>\n<\/ul>\n<\/div><\/div><\/div><div class=\"fusion-panel panel-default\" role=\"tabpanel\"><div class=\"panel-heading\"><h4 class=\"panel-title toggle\"><a aria-expanded=\"false\" aria-selected=\"false\" aria-controls=\"d56b1174aba4573fa\" role=\"tab\" data-toggle=\"collapse\" data-parent=\"#accordion-120-1\" data-target=\"#d56b1174aba4573fa\" href=\"#d56b1174aba4573fa\"><span class=\"fusion-toggle-icon-wrapper\" aria-hidden=\"true\"><i class=\"fa-fusion-box\" aria-hidden=\"true\"><\/i><\/span><span class=\"fusion-toggle-heading\">MEN\u00da<\/span><\/a><\/h4><\/div><div id=\"d56b1174aba4573fa\" class=\"panel-collapse collapse \"><div class=\"panel-body toggle-content fusion-clearfix\">\n<ul>\n<li><a href=\"https:\/\/puntamita.com\/webapp\/wp-content\/uploads\/2024\/03\/Kupuri-Beach-Menu.pdf\" target=\"_blank\" rel=\"noopener noreferrer\">MEN\u00da DE ALMUERZO PLAYA<\/a><\/li>\n<li><a href=\"https:\/\/puntamita.com\/webapp\/wp-content\/uploads\/2024\/03\/Hecotrs-Kitchen-Menu.pdf\" target=\"_blank\" rel=\"noopener noreferrer\">HECTOR&#8217;S KITCHEN DINNER<\/a><\/li>\n<li><a href=\"https:\/\/puntamita.com\/webapp\/wp-content\/uploads\/2024\/03\/Asai-Menu.pdf\" target=\"_blank\" rel=\"noopener noreferrer\">ASAI ON THE BEACH<\/a><\/li>\n<\/ul>\n<\/div><\/div><\/div><div class=\"fusion-panel panel-default\" role=\"tabpanel\"><div class=\"panel-heading\"><h4 class=\"panel-title toggle\"><a aria-expanded=\"false\" aria-selected=\"false\" aria-controls=\"8d082ce40a891c937\" role=\"tab\" data-toggle=\"collapse\" data-parent=\"#accordion-120-1\" data-target=\"#8d082ce40a891c937\" href=\"#8d082ce40a891c937\"><span class=\"fusion-toggle-icon-wrapper\" aria-hidden=\"true\"><i class=\"fa-fusion-box\" aria-hidden=\"true\"><\/i><\/span><span class=\"fusion-toggle-heading\">UBICACI\u00d3N<\/span><\/a><\/h4><\/div><div id=\"8d082ce40a891c937\" class=\"panel-collapse collapse \"><div class=\"panel-body toggle-content fusion-clearfix\">\n<p><iframe style=\"border: 0;\" tabindex=\"0\" src=\"https:\/\/www.google.com\/maps\/embed?pb=!1m18!1m12!1m3!1d3730.22302544292!2d-105.51113188517208!3d20.78226328613242!2m3!1f0!2f0!3f0!3m2!1i1024!2i768!4f13.1!3m3!1m2!1s0x842113d64204fab9%3A0x3b5696815d6592d0!2sKupuri%20Beach%20Club!5e0!3m2!1ses!2sar!4v1597266037361!5m2!1ses!2sar\" width=\"450\" height=\"450\" frameborder=\"0\" allowfullscreen=\"allowfullscreen\" aria-hidden=\"false\"><\/iframe><\/p>\n<\/div><\/div><\/div><div class=\"fusion-panel panel-default\" role=\"tabpanel\"><div class=\"panel-heading\"><h4 class=\"panel-title toggle\"><a aria-expanded=\"false\" aria-selected=\"false\" aria-controls=\"00f93d81ee4a9b65d\" role=\"tab\" data-toggle=\"collapse\" data-parent=\"#accordion-120-1\" data-target=\"#00f93d81ee4a9b65d\" href=\"#00f93d81ee4a9b65d\"><span class=\"fusion-toggle-icon-wrapper\" aria-hidden=\"true\"><i class=\"fa-fusion-box\" aria-hidden=\"true\"><\/i><\/span><span class=\"fusion-toggle-heading\">NAVI SPA<\/span><\/a><\/h4><\/div><div id=\"00f93d81ee4a9b65d\" class=\"panel-collapse collapse \"><div class=\"panel-body toggle-content fusion-clearfix\">\n<p class=\"m_8827618638516801082MsoListParagraph\">Navi Spa ofrece dos tipos de servicio, cada uno ofreciendo una amplia gama de opciones de masajes. Las dos categor\u00edas son una experiencia de spa facial y una experiencia de masaje de spa. La primera ofrece una variedad de tratamientos centrados exclusivamente en el rostro, mientras que la segunda ofrece una amplia selecci\u00f3n de diferentes tipos de masajes.<\/p>\n<p><a href=\"https:\/\/www.puntamita.com\/h\/menus\/navi-spa\/navi-spa-eng.pdf\" target=\"_blank\" rel=\"noopener noreferrer\">MEN\u00da DE SPA<\/a><\/p>\n<p><img loading=\"lazy\" class=\"alignnone size-full wp-image-246\" src=\"https:\/\/puntamita.com\/webapp\/wp-content\/uploads\/2021\/01\/navi-spa.jpg\" alt=\"\" width=\"715\" height=\"425\" srcset=\"https:\/\/puntamita.com\/webapp\/wp-content\/uploads\/2021\/01\/navi-spa-200x119.jpg 200w, https:\/\/puntamita.com\/webapp\/wp-content\/uploads\/2021\/01\/navi-spa-300x178.jpg 300w, https:\/\/puntamita.com\/webapp\/wp-content\/uploads\/2021\/01\/navi-spa-400x238.jpg 400w, https:\/\/puntamita.com\/webapp\/wp-content\/uploads\/2021\/01\/navi-spa-600x357.jpg 600w, https:\/\/puntamita.com\/webapp\/wp-content\/uploads\/2021\/01\/navi-spa.jpg 715w\" sizes=\"(max-width: 715px) 100vw, 715px\" \/><\/p>\n<\/div><\/div><\/div><\/div><\/div><div class=\"fusion-separator fusion-full-width-sep\" style=\"align-self: center;margin-left: auto;margin-right: auto;margin-top:20px;margin-bottom:20px;width:100%;\"><div class=\"fusion-separator-border sep-double\" style=\"border-color:#ffffff;border-top-width:1px;border-bottom-width:1px;\"><\/div><\/div><div class=\"fusion-text fusion-text-1\"><p>Cuenta con un restaurante de cocina europea y mediterr\u00e1nea, una piscina familiar, una extensa \u00e1rea de playa con camastros, piscina para ni\u00f1os, club de juegos infantiles, casilleros, vestidores, regaderas y caba\u00f1as de spa. Se ofrecen deportes acu\u00e1ticos para todos los miembros, incluyendo snorkeling, kayak, boogieboard y paddleboard<\/p>\n<\/div><\/div><\/div><style type=\"text\/css\">.fusion-body .fusion-builder-column-1{width:100% !important;margin-top : 0%;margin-bottom : 20px;}.fusion-builder-column-1 > .fusion-column-wrapper {padding-top : 20px !important;padding-right : 0px !important;margin-right : 1.92%;padding-bottom : 0px !important;padding-left : 0px !important;margin-left : 1.92%;}@media only screen and (max-width:1024px) {.fusion-body .fusion-builder-column-1{width:100% !important;}.fusion-builder-column-1 > .fusion-column-wrapper {margin-right : 1.92%;margin-left : 1.92%;}}@media only screen and (max-width:640px) {.fusion-body .fusion-builder-column-1{width:100% !important;}.fusion-builder-column-1 > .fusion-column-wrapper {margin-right : 1.92%;margin-left : 1.92%;}}<\/style><\/div><style type=\"text\/css\">.fusion-body .fusion-flex-container.fusion-builder-row-2{ padding-top : 0px;margin-top : 0px;padding-right : 0px;padding-bottom : 0px;margin-bottom : 0px;padding-left : 0px;}<\/style><\/div><\/p>\n","protected":false},"excerpt":{"rendered":"","protected":false},"author":2,"featured_media":0,"parent":0,"menu_order":0,"comment_status":"closed","ping_status":"closed","template":"100-width.php","meta":[],"_links":{"self":[{"href":"https:\/\/puntamita.com\/webapp\/wp-json\/wp\/v2\/pages\/120"}],"collection":[{"href":"https:\/\/puntamita.com\/webapp\/wp-json\/wp\/v2\/pages"}],"about":[{"href":"https:\/\/puntamita.com\/webapp\/wp-json\/wp\/v2\/types\/page"}],"author":[{"embeddable":true,"href":"https:\/\/puntamita.com\/webapp\/wp-json\/wp\/v2\/users\/2"}],"replies":[{"embeddable":true,"href":"https:\/\/puntamita.com\/webapp\/wp-json\/wp\/v2\/comments?post=120"}],"version-history":[{"count":14,"href":"https:\/\/puntamita.com\/webapp\/wp-json\/wp\/v2\/pages\/120\/revisions"}],"predecessor-version":[{"id":574,"href":"https:\/\/puntamita.com\/webapp\/wp-json\/wp\/v2\/pages\/120\/revisions\/574"}],"wp:attachment":[{"href":"https:\/\/puntamita.com\/webapp\/wp-json\/wp\/v2\/media?parent=120"}],"curies":[{"name":"wp","href":"https:\/\/api.w.org\/{rel}","templated":true}]}}